{"id":3272,"date":"2018-12-20T14:42:14","date_gmt":"2018-12-20T11:42:14","guid":{"rendered":"https:\/\/valeniahs.com\/?page_id=3272"},"modified":"2022-01-18T16:04:49","modified_gmt":"2022-01-18T13:04:49","slug":"spetsialisty-barraquer","status":"publish","type":"page","link":"https:\/\/valeniahs.com\/en\/spetsialisty-barraquer\/","title":{"rendered":"Specialists of the Ophthalmological Center Barraquer (Centro Oftalmol\u00f3gico Barraquer)"},"content":{"rendered":"<p>[vc_row][vc_column width=&#8221;1\/3&#8243;][vc_single_image image=&#8221;3742&#8243; alignment=&#8221;center&#8221;][vc_column_text]<\/p>\n<p style=\"text-align: center; margin-bottom: 0%;\"><strong><a href=\"https:\/\/valeniahs.com\/team\/professor-rafael-barraker\/\">Professor Rafael Barraquer<\/a><\/strong><\/p>\n<p style=\"text-align: center; padding-left: 4%; padding-right: 4%;\">President of the Center of ophthalmology Barraquer.<\/p>\n<p>[\/vc_column_text][\/vc_column][vc_column width=&#8221;1\/3&#8243;][vc_single_image image=&#8221;3743&#8243; alignment=&#8221;center&#8221;][vc_column_text]<\/p>\n<p style=\"text-align: center; margin-bottom: 0%;\"><strong><a href=\"https:\/\/valeniahs.com\/en\/team\/dr-elena-barraquer\/\">Doctor Elena Barraquer<\/a><\/strong><\/p>\n<p style=\"text-align: center; padding-left: 4%; padding-right: 4%;\">Specialist in anatomy of cataract and peristalsis of the eye.<\/p>\n<p>[\/vc_column_text][\/vc_column][vc_column width=&#8221;1\/3&#8243;][vc_single_image image=&#8221;3345&#8243; alignment=&#8221;center&#8221;][vc_column_text]<\/p>\n<p style=\"text-align: center; margin-bottom: 0%;\"><strong><a href=\"https:\/\/valeniahs.com\/en\/team\/dr-juan-p-alvarez-de-toledo-elizalde\/\">Dr. Juan P. Alvarez de Toledo Elizalde<\/a><\/strong><\/p>\n<p style=\"text-align: center; padding-left: 4%; padding-right: 4%;\">Specialist in surgery of the anterior segment of the eye, refractive surgery, keratoconus.<\/p>\n<p>[\/vc_column_text][\/vc_column][\/vc_row][vc_row][vc_column width=&#8221;1\/3&#8243;][vc_single_image image=&#8221;4760&#8243; alignment=&#8221;center&#8221;][vc_column_text]<\/p>\n<p style=\"text-align: center; margin-bottom: 0%;\"><strong><a href=\"https:\/\/valeniahs.com\/en\/team\/dr-jeroni-nadal\/\">Doctor Jeroni Nadal<\/a><\/strong><\/p>\n<p style=\"text-align: center; padding-left: 4%; padding-right: 4%;\">Specialist in Retinal and Macular Surgery.<\/p>\n<p>[\/vc_column_text][\/vc_column][vc_column width=&#8221;1\/3&#8243;][vc_single_image image=&#8221;3349&#8243; alignment=&#8221;center&#8221;][vc_column_text]<\/p>\n<p style=\"text-align: center; margin-bottom: 0%;\"><strong><a href=\"https:\/\/valeniahs.com\/en\/team\/gorka-martines-grau\/\">Doctor Gorka Mart\u00ednez Grau<\/a><\/strong><\/p>\n<p style=\"text-align: center; padding-left: 4%; padding-right: 4%;\">Specialist in oculoplasty.<\/p>\n<p>[\/vc_column_text][\/vc_column][vc_column width=&#8221;1\/3&#8243;][vc_single_image image=&#8221;3350&#8243; alignment=&#8221;center&#8221;][vc_column_text]<\/p>\n<p style=\"text-align: center; margin-bottom: 0%;\"><strong><a href=\"https:\/\/valeniahs.com\/en\/team\/dr-maria-fideliz-de-la-pas\/\">Doctor Mar\u00eda Fideliz de la Paz<\/a><\/strong><\/p>\n<p style=\"text-align: center; padding-left: 4%; padding-right: 4%;\">Specialist in corneal transplantation, treatment of tumors of the ocular surface and artificial cornea.<\/p>\n<p>[\/vc_column_text][\/vc_column][\/vc_row][vc_row][vc_column width=&#8221;1\/3&#8243;][vc_single_image image=&#8221;3723&#8243; alignment=&#8221;center&#8221;][vc_column_text]<\/p>\n<p style=\"text-align: center; margin-bottom: 0%;\"><strong>Dr Maria Isabel Canut<\/strong><\/p>\n<p style=\"text-align: center; padding-left: 4%; padding-right: 4%;\">Specialist in glaucoma and cataract surgery.<\/p>\n<p>[\/vc_column_text][\/vc_column][vc_column width=&#8221;1\/3&#8243;][vc_single_image image=&#8221;3724&#8243; alignment=&#8221;center&#8221;][vc_column_text]<\/p>\n<p style=\"text-align: center; margin-bottom: 0%;\"><strong>Dr. Javier Elizalde<\/strong><\/p>\n<p style=\"text-align: center; padding-left: 4%; padding-right: 4%;\">Specialist in vitreoretinal surgery and ocular oncology.<\/p>\n<p>[\/vc_column_text][\/vc_column][vc_column width=&#8221;1\/3&#8243;][vc_single_image image=&#8221;3725&#8243; alignment=&#8221;center&#8221;][vc_column_text]<\/p>\n<p style=\"text-align: center; margin-bottom: 0%;\"><strong>Dr. Santiago Abengoechea<\/strong><\/p>\n<p style=\"text-align: center; padding-left: 4%; padding-right: 4%;\">Specialist in vitreoretinal surgery and age-related macular degeneration (macula).<\/p>\n<p>[\/vc_column_text][\/vc_column][\/vc_row][vc_row][vc_column width=&#8221;1\/3&#8243;][vc_single_image image=&#8221;3727&#8243; alignment=&#8221;center&#8221;][vc_column_text]<\/p>\n<p style=\"text-align: center; margin-bottom: 0%;\"><strong>Dr. Muhsen Samaan<\/strong><\/p>\n<p style=\"text-align: center; padding-left: 4%; padding-right: 4%;\">Specialist in glaucoma and cataract of the anterior segment of the eye.<\/p>\n<p>[\/vc_column_text][\/vc_column][vc_column width=&#8221;1\/3&#8243;][vc_single_image image=&#8221;3728&#8243; alignment=&#8221;center&#8221;][vc_column_text]<\/p>\n<p style=\"text-align: center; margin-bottom: 0%;\"><strong>Dra. Marinka Kargacin<\/strong><\/p>\n<p style=\"text-align: center; padding-left: 4%; padding-right: 4%;\">Specialist in cataract refractive surgery.<\/p>\n<p>[\/vc_column_text][\/vc_column][vc_column width=&#8221;1\/3&#8243;][vc_single_image image=&#8221;3729&#8243; alignment=&#8221;center&#8221;][vc_column_text]<\/p>\n<p style=\"text-align: center; margin-bottom: 0%;\"><strong>Dr. Francisco Ruiz Tolosa<\/strong><\/p>\n<p style=\"text-align: center; padding-left: 4%; padding-right: 4%;\">Specialist in glaucoma and cataract of the anterior segment of the eye.<\/p>\n<p>[\/vc_column_text][\/vc_column][\/vc_row][vc_row][vc_column width=&#8221;1\/3&#8243;][vc_single_image image=&#8221;3730&#8243; alignment=&#8221;center&#8221;][vc_column_text]<\/p>\n<p style=\"text-align: center; margin-bottom: 0%;\"><strong>Dr. Victor Charoenrook<\/strong><\/p>\n<p style=\"text-align: center; padding-left: 4%; padding-right: 4%;\">Corneal and ocular surface specialist<\/p>\n<p>[\/vc_column_text][\/vc_column][vc_column width=&#8221;1\/3&#8243;][vc_single_image image=&#8221;3731&#8243; alignment=&#8221;center&#8221;][vc_column_text]<\/p>\n<p style=\"text-align: center; margin-bottom: 0%;\"><strong>Dr. Juan Jos\u00e9 Rodr\u00edguez Ezcurra<\/strong><\/p>\n<p style=\"text-align: center;\">Specialist in pediatric ophthalmology, binocular vision, strabismus, ocular mobility and neuroophthalmology.<\/p>\n<p>[\/vc_column_text][\/vc_column][vc_column width=&#8221;1\/3&#8243;][vc_single_image image=&#8221;3732&#8243; alignment=&#8221;center&#8221;][vc_column_text]<\/p>\n<p style=\"text-align: center; margin-bottom: 0%;\"><strong>Dr. Milan Pesic<\/strong><\/p>\n<p style=\"text-align: center;\">Specialist in refractive surgery of the lens of the eye and anterior segment.<\/p>\n<p>[\/vc_column_text][\/vc_column][\/vc_row][vc_row][vc_column width=&#8221;1\/3&#8243;][vc_single_image image=&#8221;3733&#8243; alignment=&#8221;center&#8221;][vc_column_text]<\/p>\n<p style=\"text-align: center; margin-bottom: 0%;\"><strong>Dra.Idoia Rodr\u00edguez Maiztegui<\/strong><\/p>\n<p style=\"text-align: center; padding-left: 4%; padding-right: 4%;\">Specialist in pediatric ophthalmology, binocular vision and strabismus.<\/p>\n<p>[\/vc_column_text][\/vc_column][vc_column width=&#8221;1\/3&#8243;][vc_single_image image=&#8221;3734&#8243; alignment=&#8221;center&#8221;][vc_column_text]<\/p>\n<p style=\"text-align: center; margin-bottom: 0%;\"><strong>Dra.Paola Sauvageot<\/strong><\/p>\n<p style=\"text-align: center;\">Specialist in the anterior segment of the eye, cornea, refractive surgery of the cornea.<\/p>\n<p>[\/vc_column_text][\/vc_column][vc_column width=&#8221;1\/3&#8243;][vc_single_image image=&#8221;3735&#8243; alignment=&#8221;center&#8221;][vc_column_text]<\/p>\n<p style=\"text-align: center; margin-bottom: 0%;\"><strong>Dra. Marta L\u00f3pez Fortuny<\/strong><\/p>\n<p style=\"text-align: center;\">Specialist in the eye socket (orbit) and oculoplasty.<\/p>\n<p>[\/vc_column_text][\/vc_column][\/vc_row][vc_row][vc_column width=&#8221;1\/3&#8243;][vc_single_image image=&#8221;3737&#8243; alignment=&#8221;center&#8221;][vc_column_text]<\/p>\n<p style=\"text-align: center; margin-bottom: 0%;\"><strong>Dr.\u00a0Jos\u00e9 Temprano<\/strong><\/p>\n<p style=\"text-align: center; padding-left: 4%; padding-right: 4%;\">Specialist in the anterior segment of the eye, keratoplasty and keratoprostheses.<\/p>\n<p>[\/vc_column_text][\/vc_column][vc_column width=&#8221;1\/3&#8243;][vc_single_image image=&#8221;3738&#8243; alignment=&#8221;center&#8221;][vc_column_text]<\/p>\n<p style=\"text-align: center; margin-bottom: 0%;\"><strong>Dra. Marta M\u00e1rmol D\u00edaz<\/strong><\/p>\n<p style=\"text-align: center;\">Glaucoma Department Specialist.<\/p>\n<p>[\/vc_column_text][\/vc_column][vc_column width=&#8221;1\/3&#8243;][vc_single_image image=&#8221;3739&#8243; alignment=&#8221;center&#8221;][vc_column_text]<\/p>\n<p style=\"text-align: center; margin-bottom: 0%;\"><strong>Dr.\u00a0Andr\u00e9s Pic\u00f3 Garc\u00eda<\/strong><\/p>\n<p style=\"text-align: center;\">Specialist anterior segment of the eye and refractive surgery.<\/p>\n<p>[\/vc_column_text][\/vc_column][\/vc_row][vc_row][vc_column width=&#8221;1\/3&#8243;][vc_single_image image=&#8221;3740&#8243; alignment=&#8221;center&#8221;][vc_column_text]<\/p>\n<p style=\"text-align: center; margin-bottom: 0%;\"><strong>Dra. S\u00f2nia Viver<\/strong><\/p>\n<p style=\"text-align: center; padding-left: 4%; padding-right: 4%;\">Specialist in vitreoretinal surgery, macular degeneration (age-related macular degeneration) and diabetic retinopathy.<\/p>\n<p>[\/vc_column_text][\/vc_column][\/vc_row][vc_row][vc_column][\/vc_column][\/vc_row]<\/p>\n<p>&nbsp;<\/p>","protected":false},"excerpt":{"rendered":"<p>[vc_row][vc_column width=&#8221;1\/3&#8243;][vc_single_image image=&#8221;3742&#8243; alignment=&#8221;center&#8221;][vc_column_text] Professor Rafael Barraquer President of the Center of ophthalmology Barraquer. [\/vc_column_text][\/vc_column][vc_column width=&#8221;1\/3&#8243;][vc_single_image image=&#8221;3743&#8243; alignment=&#8221;center&#8221;][vc_column_text] Doctor Elena Barraquer Specialist in anatomy of cataract and peristalsis of the eye. [\/vc_column_text][\/vc_column][vc_column width=&#8221;1\/3&#8243;][vc_single_image image=&#8221;3345&#8243; alignment=&#8221;center&#8221;][vc_column_text] Dr. Juan P. Alvarez de Toledo Elizalde Specialist in surgery of the anterior segment of the eye, refractive surgery, keratoconus. [\/vc_column_text][\/vc_column][\/vc_row][vc_row][vc_column width=&#8221;1\/3&#8243;][vc_single_image image=&#8221;4760&#8243; alignment=&#8221;center&#8221;][vc_column_text] Doctor&hellip;<\/p>\n","protected":false},"author":26,"featured_media":3280,"parent":0,"menu_order":0,"comment_status":"closed","ping_status":"closed","template":"","meta":{"footnotes":""},"class_list":["post-3272","page","type-page","status-publish","has-post-thumbnail","hentry"],"aioseo_notices":[],"_links":{"self":[{"href":"https:\/\/valeniahs.com\/en\/wp-json\/wp\/v2\/pages\/3272","targetHints":{"allow":["GET"]}}],"collection":[{"href":"https:\/\/valeniahs.com\/en\/wp-json\/wp\/v2\/pages"}],"about":[{"href":"https:\/\/valeniahs.com\/en\/wp-json\/wp\/v2\/types\/page"}],"author":[{"embeddable":true,"href":"https:\/\/valeniahs.com\/en\/wp-json\/wp\/v2\/users\/26"}],"replies":[{"embeddable":true,"href":"https:\/\/valeniahs.com\/en\/wp-json\/wp\/v2\/comments?post=3272"}],"version-history":[{"count":31,"href":"https:\/\/valeniahs.com\/en\/wp-json\/wp\/v2\/pages\/3272\/revisions"}],"predecessor-version":[{"id":12158,"href":"https:\/\/valeniahs.com\/en\/wp-json\/wp\/v2\/pages\/3272\/revisions\/12158"}],"wp:featuredmedia":[{"embeddable":true,"href":"https:\/\/valeniahs.com\/en\/wp-json\/wp\/v2\/media\/3280"}],"wp:attachment":[{"href":"https:\/\/valeniahs.com\/en\/wp-json\/wp\/v2\/media?parent=3272"}],"curies":[{"name":"wp","href":"https:\/\/api.w.org\/{rel}","templated":true}]}}