{"id":3272,"date":"2018-12-20T14:42:14","date_gmt":"2018-12-20T11:42:14","guid":{"rendered":"https:\/\/valeniahs.com\/?page_id=3272"},"modified":"2022-01-18T16:04:49","modified_gmt":"2022-01-18T13:04:49","slug":"spetsialisty-barraquer","status":"publish","type":"page","link":"https:\/\/valeniahs.com\/es\/spetsialisty-barraquer\/","title":{"rendered":"Especialistas del Centro Oftalmol\u00f3gico Barraquer"},"content":{"rendered":"<p>[vc_row][vc_column width=\u00bb1\/3&#8243;][vc_single_image image=\u00bb3742&#8243; alignment=\u00bbcenter\u00bb][vc_column_text]<\/p>\n<p style=\"text-align: center; margin-bottom: 0%;\"><strong><a href=\"https:\/\/valeniahs.com\/team\/professor-rafael-barraker\/\">Profesor Rafael Barraquer<\/a><\/strong><\/p>\n<p style=\"text-align: center; padding-left: 4%; padding-right: 4%;\">Presidente del centro oftalmol\u00f3gico Barraquer.<\/p>\n<p>[\/vc_column_text][\/vc_column][vc_column width=\u00bb1\/3&#8243;][vc_single_image image=\u00bb3743&#8243; alignment=\u00bbcenter\u00bb][vc_column_text]<\/p>\n<p style=\"text-align: center; margin-bottom: 0%;\"><strong><a href=\"https:\/\/valeniahs.com\/team\/dr-elena-barraquer\/\">Dra. Elena Barraquer<\/a> <\/strong><\/p>\n<p style=\"text-align: center; padding-left: 4%; padding-right: 4%;\">Especialista en cirug\u00eda de la catarata y cirug\u00eda refractiva intraocular<\/p>\n<p>[\/vc_column_text][\/vc_column][vc_column width=\u00bb1\/3&#8243;][vc_single_image image=\u00bb3345&#8243; alignment=\u00bbcenter\u00bb][vc_column_text]<\/p>\n<p style=\"text-align: center; margin-bottom: 0%;\"><strong><a href=\"https:\/\/valeniahs.com\/team\/dr-juan-p-alvarez-de-toledo-elizalde\/\">Dr. Juan P. Alvarez de Toledo Elizalde<\/a><\/strong><\/p>\n<p style=\"text-align: center; padding-left: 4%; padding-right: 4%;\">\u0421\u043f\u0435\u0446\u0438\u0430\u043b\u0438\u0441\u0442 \u043f\u043e \u0445\u0438\u0440\u0443\u0440\u0433\u0438\u0438 \u043f\u0435\u0440\u0435\u0434\u043d\u0435\u0433\u043e \u0441\u0435\u0433\u043c\u0435\u043d\u0442\u0430 \u0433\u043b\u0430\u0437\u0430, \u0440\u0435\u0444\u0440\u0430\u043a\u0446\u0438\u043e\u043d\u043d\u043e\u0439 \u0445\u0438\u0440\u0443\u0440\u0433\u0438\u0438, \u043a\u0435\u0440\u0430\u0442\u043e\u043a\u043e\u043d\u0443\u0441\u0443.<\/p>\n<p>[\/vc_column_text][\/vc_column][\/vc_row][vc_row][vc_column width=\u00bb1\/3&#8243;][vc_single_image image=\u00bb4760&#8243; alignment=\u00bbcenter\u00bb][vc_column_text]<\/p>\n<p style=\"text-align: center; margin-bottom: 0%;\"><strong><a href=\"https:\/\/valeniahs.com\/team\/dr-jeroni-nadal\/\">Dr. Jeroni Nadal<\/a><br \/>\n<\/strong><\/p>\n<p style=\"text-align: center; padding-left: 4%; padding-right: 4%;\">\u0421\u043f\u0435\u0446\u0438\u0430\u043b\u0438\u0441\u0442 \u043f\u043e \u0425\u0438\u0440\u0443\u0440\u0433\u0438\u0438 \u0441\u0435\u0442\u0447\u0430\u0442\u043a\u0438 \u0438 \u041c\u0430\u043a\u0443\u043b\u044f\u0440\u043d\u043e\u0439 \u043e\u0431\u043b\u0430\u0441\u0442\u0438.<\/p>\n<p>[\/vc_column_text][\/vc_column][vc_column width=\u00bb1\/3&#8243;][vc_single_image image=\u00bb3349&#8243; alignment=\u00bbcenter\u00bb][vc_column_text]<\/p>\n<p style=\"text-align: center; margin-bottom: 0%;\"><strong><a href=\"https:\/\/valeniahs.com\/team\/dr-gorka-martinez-grau\/\">Dr. Gorka Mart\u00ednez Grau <\/a><\/strong><\/p>\n<p style=\"text-align: center; padding-left: 4%; padding-right: 4%;\">\u0421\u043f\u0435\u0446\u0438\u0430\u043b\u0438\u0441\u0442 \u043f\u043e \u043e\u043a\u0443\u043b\u043e\u043f\u043b\u0430\u0441\u0442\u0438\u043a\u0435.<\/p>\n<p>[\/vc_column_text][\/vc_column][vc_column width=\u00bb1\/3&#8243;][vc_single_image image=\u00bb3350&#8243; alignment=\u00bbcenter\u00bb][vc_column_text]<\/p>\n<p style=\"text-align: center; margin-bottom: 0%;\"><strong><a href=\"https:\/\/valeniahs.com\/team\/dr-maria-fideliz-de-la-pas\/\">Dra. Mar\u00eda Fideliz de la Paz<\/a><br \/>\n<\/strong><\/p>\n<p style=\"text-align: center; padding-left: 4%; padding-right: 4%;\">Especialista en trasplante de c\u00f3rnea, tumores de la superficie ocular, c\u00f3rnea artificial\/queratopr\u00f3tesis.<\/p>\n<p>[\/vc_column_text][\/vc_column][\/vc_row][vc_row][vc_column width=\u00bb1\/3&#8243;][vc_single_image image=\u00bb3723&#8243; alignment=\u00bbcenter\u00bb][vc_column_text]<\/p>\n<p style=\"text-align: center; margin-bottom: 0%;\"><strong>Dra M\u00aa Isabel Canut<\/strong><\/p>\n<p style=\"text-align: center; padding-left: 4%; padding-right: 4%;\">\u0421\u043f\u0435\u0446\u0438\u0430\u043b\u0438\u0441\u0442 \u043f\u043e \u0445\u0438\u0440\u0443\u0440\u0433\u0438\u0438 \u0433\u043b\u0430\u0443\u043a\u043e\u043c\u044b \u0438 \u043a\u0430\u0442\u0430\u0440\u0430\u043a\u0442\u044b.<\/p>\n<p>[\/vc_column_text][\/vc_column][vc_column width=\u00bb1\/3&#8243;][vc_single_image image=\u00bb3724&#8243; alignment=\u00bbcenter\u00bb][vc_column_text]<\/p>\n<p style=\"text-align: center; margin-bottom: 0%;\"><strong>Dr.\u00a0Javier Elizalde<\/strong><\/p>\n<p style=\"text-align: center; padding-left: 4%; padding-right: 4%;\">\u0421\u043f\u0435\u0446\u0438\u0430\u043b\u0438\u0441\u0442 \u043f\u043e \u0432\u0438\u0442\u0440\u0435\u043e\u0440\u0435\u0442\u0438\u043d\u0430\u043b\u044c\u043d\u043e\u0439 \u0445\u0438\u0440\u0443\u0440\u0433\u0438\u0438 \u0438 \u0433\u043b\u0430\u0437\u043d\u043e\u0439 \u043e\u043d\u043a\u043e\u043b\u043e\u0433\u0438\u0438.<\/p>\n<p>[\/vc_column_text][\/vc_column][vc_column width=\u00bb1\/3&#8243;][vc_single_image image=\u00bb3725&#8243; alignment=\u00bbcenter\u00bb][vc_column_text]<\/p>\n<p style=\"text-align: center; margin-bottom: 0%;\"><strong>Dr.\u00a0Santiago Abengoechea<br \/>\n<\/strong><\/p>\n<p style=\"text-align: center; padding-left: 4%; padding-right: 4%;\">\u0421\u043f\u0435\u0446\u0438\u0430\u043b\u0438\u0441\u0442 \u043f\u043e \u0432\u0438\u0442\u0440\u0435\u043e\u0440\u0435\u0442\u0438\u043d\u0430\u043b\u044c\u043d\u043e\u0439 \u0445\u0438\u0440\u0443\u0440\u0433\u0438\u0438 \u0438 \u0432\u043e\u0437\u0440\u0430\u0441\u0442\u043d\u043e\u0439 \u0434\u0435\u0433\u0435\u043d\u0435\u0440\u0430\u0446\u0438\u0438 \u0436\u0435\u043b\u0442\u043e\u0433\u043e \u043f\u044f\u0442\u043d\u0430 (\u043c\u0430\u043a\u0443\u043b\u044b).<\/p>\n<p>[\/vc_column_text][\/vc_column][\/vc_row][vc_row][vc_column width=\u00bb1\/3&#8243;][vc_single_image image=\u00bb3727&#8243; alignment=\u00bbcenter\u00bb][vc_column_text]<\/p>\n<p style=\"text-align: center; margin-bottom: 0%;\"><strong>Dr.\u00a0Muhsen Samaan<\/strong><\/p>\n<p style=\"text-align: center; padding-left: 4%; padding-right: 4%;\">\u0421\u043f\u0435\u0446\u0438\u0430\u043b\u0438\u0441\u0442 \u043f\u043e \u0433\u043b\u0430\u0443\u043a\u043e\u043c\u0435 \u0438 \u043a\u0430\u0442\u0430\u0440\u0430\u043a\u0442\u0435 \u043f\u0435\u0440\u0435\u0434\u043d\u0435\u0433\u043e \u0441\u0435\u0433\u043c\u0435\u043d\u0442\u0430 \u0433\u043b\u0430\u0437\u0430.<\/p>\n<p>[\/vc_column_text][\/vc_column][vc_column width=\u00bb1\/3&#8243;][vc_single_image image=\u00bb3728&#8243; alignment=\u00bbcenter\u00bb][vc_column_text]<\/p>\n<p style=\"text-align: center; margin-bottom: 0%;\"><strong>Dra. Marinka Kargacin<\/strong><\/p>\n<p style=\"text-align: center; padding-left: 4%; padding-right: 4%;\">\u0421\u043f\u0435\u0446\u0438\u0430\u043b\u0438\u0441\u0442 \u043f\u043e \u0440\u0435\u0444\u0440\u0430\u043a\u0446\u0438\u043e\u043d\u043d\u043e\u0439 \u0445\u0438\u0440\u0443\u0440\u0433\u0438\u0438 \u043a\u0430\u0442\u0430\u0440\u0430\u043a\u0442\u044b.<\/p>\n<p>[\/vc_column_text][\/vc_column][vc_column width=\u00bb1\/3&#8243;][vc_single_image image=\u00bb3729&#8243; alignment=\u00bbcenter\u00bb][vc_column_text]<\/p>\n<p style=\"text-align: center; margin-bottom: 0%;\"><strong>Dr. Francisco Ruiz Tolosa<br \/>\n<\/strong><\/p>\n<p style=\"text-align: center; padding-left: 4%; padding-right: 4%;\">\u0421\u043f\u0435\u0446\u0438\u0430\u043b\u0438\u0441\u0442 \u043f\u043e \u0433\u043b\u0430\u0443\u043a\u043e\u043c\u0435 \u0438 \u043a\u0430\u0442\u0430\u0440\u0430\u043a\u0442\u0435 \u043f\u0435\u0440\u0435\u0434\u043d\u0435\u0433\u043e \u0441\u0435\u0433\u043c\u0435\u043d\u0442\u0430 \u0433\u043b\u0430\u0437\u0430.<\/p>\n<p>[\/vc_column_text][\/vc_column][\/vc_row][vc_row][vc_column width=\u00bb1\/3&#8243;][vc_single_image image=\u00bb3730&#8243; alignment=\u00bbcenter\u00bb][vc_column_text]<\/p>\n<p style=\"text-align: center; margin-bottom: 0%;\"><strong>Dr. Victor Charoenrook<\/strong><\/p>\n<p style=\"text-align: center; padding-left: 4%; padding-right: 4%;\">\u0421\u043f\u0435\u0446\u0438\u0430\u043b\u0438\u0441\u0442 \u043f\u043e \u043f\u0430\u0442\u043e\u043b\u043e\u0433\u0438\u044f\u043c \u0440\u043e\u0433\u043e\u0432\u0438\u0446\u044b \u0438 \u0433\u043b\u0430\u0437\u043d\u043e\u0439 \u043f\u043e\u0432\u0435\u0440\u0445\u043d\u043e\u0441\u0442\u0438.<\/p>\n<p>[\/vc_column_text][\/vc_column][vc_column width=\u00bb1\/3&#8243;][vc_single_image image=\u00bb3731&#8243; alignment=\u00bbcenter\u00bb][vc_column_text]<\/p>\n<p style=\"text-align: center; margin-bottom: 0%;\"><strong>Dr.\u00a0Juan Jos\u00e9 Rodr\u00edguez Ezcurra<\/strong><\/p>\n<p style=\"text-align: center;\">\u0421\u043f\u0435\u0446\u0438\u0430\u043b\u0438\u0441\u0442 \u043f\u043e \u0434\u0435\u0442\u0441\u043a\u043e\u0439 \u043e\u0444\u0442\u0430\u043b\u044c\u043c\u043e\u043b\u043e\u0433\u0438\u0438, \u0431\u0438\u043d\u043e\u043a\u0443\u043b\u044f\u0440\u043d\u043e\u043c\u0443 \u0437\u0440\u0435\u043d\u0438\u044e, \u0441\u0442\u0440\u0430\u0431\u0438\u0437\u043c\u0443, \u0433\u043b\u0430\u0437\u043d\u043e\u0439 \u043f\u043e\u0434\u0432\u0438\u0436\u043d\u043e\u0441\u0442\u0438 \u0438 \u043d\u0435\u0439\u0440\u043e\u043e\u0444\u0442\u0430\u043b\u044c\u043c\u043e\u043b\u043e\u0433\u0438\u0438.<\/p>\n<p>[\/vc_column_text][\/vc_column][vc_column width=\u00bb1\/3&#8243;][vc_single_image image=\u00bb3732&#8243; alignment=\u00bbcenter\u00bb][vc_column_text]<\/p>\n<p style=\"text-align: center; margin-bottom: 0%;\"><strong>Dr. Milan Pesic<br \/>\n<\/strong><\/p>\n<p style=\"text-align: center;\">\u0421\u043f\u0435\u0446\u0438\u0430\u043b\u0438\u0441\u0442 \u043f\u043e \u0440\u0435\u0444\u0440\u0430\u043a\u0446\u0438\u043e\u043d\u043d\u043e\u0439 \u0445\u0438\u0440\u0443\u0440\u0433\u0438\u0438 \u0445\u0440\u0443\u0441\u0442\u0430\u043b\u0438\u043a\u0430 \u0433\u043b\u0430\u0437\u0430 \u0438 \u043f\u0435\u0440\u0435\u0434\u043d\u0435\u0433\u043e \u0441\u0435\u0433\u043c\u0435\u043d\u0442\u0430.<\/p>\n<p>[\/vc_column_text][\/vc_column][\/vc_row][vc_row][vc_column width=\u00bb1\/3&#8243;][vc_single_image image=\u00bb3733&#8243; alignment=\u00bbcenter\u00bb][vc_column_text]<\/p>\n<p style=\"text-align: center; margin-bottom: 0%;\"><strong>Dra. Idoia Rodr\u00edguez Maiztegui<\/strong><\/p>\n<p style=\"text-align: center; padding-left: 4%; padding-right: 4%;\">\u0421\u043f\u0435\u0446\u0438\u0430\u043b\u0438\u0441\u0442 \u043f\u043e \u0434\u0435\u0442\u0441\u043a\u043e\u0439 \u043e\u0444\u0442\u0430\u043b\u044c\u043c\u043e\u043b\u043e\u0433\u0438\u0438, \u0431\u0438\u043d\u043e\u043a\u0443\u043b\u044f\u0440\u043d\u043e\u043c\u0443 \u0437\u0440\u0435\u043d\u0438\u044e \u0438 \u0441\u0442\u0440\u0430\u0431\u0438\u0437\u043c\u0443.<\/p>\n<p>[\/vc_column_text][\/vc_column][vc_column width=\u00bb1\/3&#8243;][vc_single_image image=\u00bb3734&#8243; alignment=\u00bbcenter\u00bb][vc_column_text]<\/p>\n<p style=\"text-align: center; margin-bottom: 0%;\"><strong>Dra. Paola Sauvageot<\/strong><\/p>\n<p style=\"text-align: center;\">\u0421\u043f\u0435\u0446\u0438\u0430\u043b\u0438\u0441\u0442 \u043f\u043e \u043f\u0435\u0440\u0435\u0434\u043d\u0435\u043c\u0443 \u0441\u0435\u0433\u043c\u0435\u043d\u0442\u0443 \u0433\u043b\u0430\u0437\u0430, \u0440\u043e\u0433\u043e\u0432\u0438\u0446\u0435, \u0440\u0435\u0444\u0440\u0430\u043a\u0446\u0438\u043e\u043d\u043d\u043e\u0439 \u0445\u0438\u0440\u0443\u0440\u0433\u0438\u0438 \u0440\u043e\u0433\u043e\u0432\u0438\u0446\u044b.<\/p>\n<p>[\/vc_column_text][\/vc_column][vc_column width=\u00bb1\/3&#8243;][vc_single_image image=\u00bb3735&#8243; alignment=\u00bbcenter\u00bb][vc_column_text]<\/p>\n<p style=\"text-align: center; margin-bottom: 0%;\"><strong>Dra. Marta L\u00f3pez Fortuny<br \/>\n<\/strong><\/p>\n<p style=\"text-align: center;\">\u0421\u043f\u0435\u0446\u0438\u0430\u043b\u0438\u0441\u0442 \u043f\u043e \u0433\u043b\u0430\u0437\u043d\u0438\u0446\u0435 (\u043e\u0440\u0431\u0438\u0442\u0435) \u0438 \u043e\u043a\u0443\u043b\u043e\u043f\u043b\u0430\u0441\u0442\u0438\u043a\u0435.<\/p>\n<p>[\/vc_column_text][\/vc_column][\/vc_row][vc_row][vc_column width=\u00bb1\/3&#8243;][vc_single_image image=\u00bb3737&#8243; alignment=\u00bbcenter\u00bb][vc_column_text]<\/p>\n<p style=\"text-align: center; margin-bottom: 0%;\"><strong>Dr.\u00a0Jos\u00e9 Temprano<\/strong><\/p>\n<p style=\"text-align: center; padding-left: 4%; padding-right: 4%;\">\u0421\u043f\u0435\u0446\u0438\u0430\u043b\u0438\u0441\u0442 \u043f\u043e \u043f\u0435\u0440\u0435\u0434\u043d\u0435\u043c\u0443 \u0441\u0435\u0433\u043c\u0435\u043d\u0442\u0443 \u0433\u043b\u0430\u0437\u0430, \u043a\u0435\u0440\u0430\u0442\u043e\u043f\u043b\u0430\u0441\u0442\u0438\u043a\u0435 \u0438 \u043a\u0435\u0440\u0430\u0442\u043e\u043f\u0440\u043e\u0442\u0435\u0437\u0430\u043c.<\/p>\n<p>[\/vc_column_text][\/vc_column][vc_column width=\u00bb1\/3&#8243;][vc_single_image image=\u00bb3738&#8243; alignment=\u00bbcenter\u00bb][vc_column_text]<\/p>\n<p style=\"text-align: center; margin-bottom: 0%;\"><strong>Dra. Marta M\u00e1rmol D\u00edaz<\/strong><\/p>\n<p style=\"text-align: center;\">\u0421\u043f\u0435\u0446\u0438\u0430\u043b\u0438\u0441\u0442 \u043e\u0442\u0434\u0435\u043b\u0435\u043d\u0438\u044f \u0433\u043b\u0430\u0443\u043a\u043e\u043c\u044b.<\/p>\n<p>[\/vc_column_text][\/vc_column][vc_column width=\u00bb1\/3&#8243;][vc_single_image image=\u00bb3739&#8243; alignment=\u00bbcenter\u00bb][vc_column_text]<\/p>\n<p style=\"text-align: center; margin-bottom: 0%;\"><strong>Dr.\u00a0Andr\u00e9s Pic\u00f3 Garc\u00eda<br \/>\n<\/strong><\/p>\n<p style=\"text-align: center;\">\u0421\u043f\u0435\u0446\u0438\u0430\u043b\u0438\u0441\u0442 \u043f\u0435\u0440\u0435\u0434\u043d\u0435\u0433\u043e \u0441\u0435\u0433\u043c\u0435\u043d\u0442\u0430 \u0433\u043b\u0430\u0437\u0430 \u0438 \u0440\u0435\u0444\u0440\u0430\u043a\u0446\u0438\u043e\u043d\u043d\u043e\u0439 \u0445\u0438\u0440\u0443\u0440\u0433\u0438\u0438.<\/p>\n<p>[\/vc_column_text][\/vc_column][\/vc_row][vc_row][vc_column width=\u00bb1\/3&#8243;][vc_single_image image=\u00bb3740&#8243; alignment=\u00bbcenter\u00bb][vc_column_text]<\/p>\n<p style=\"text-align: center; margin-bottom: 0%;\"><strong>Dra. S\u00f2nia Viver<\/strong><\/p>\n<p style=\"text-align: center; padding-left: 4%; padding-right: 4%;\">\u0421\u043f\u0435\u0446\u0438\u0430\u043b\u0438\u0441\u0442 \u043f\u043e \u0432\u0438\u0442\u0440\u0435\u043e\u0440\u0435\u0442\u0438\u043d\u0430\u043b\u044c\u043d\u043e\u0439 \u0445\u0438\u0440\u0443\u0440\u0433\u0438\u0438, \u0434\u0435\u0433\u0435\u043d\u0435\u0440\u0430\u0446\u0438\u0438 \u0436\u0435\u043b\u0442\u043e\u0433\u043e \u043f\u044f\u0442\u043d\u0430 (\u0432\u043e\u0437\u0440\u0430\u0441\u0442\u043d\u0430\u044f \u043c\u0430\u043a\u0443\u043b\u043e\u0434\u0438\u0441\u0442\u0440\u043e\u0444\u0438\u044f) \u0438 \u0434\u0438\u0430\u0431\u0435\u0442\u0438\u0447\u0435\u0441\u043a\u043e\u0439 \u0440\u0435\u0442\u0438\u043d\u043e\u043f\u0430\u0442\u0438\u0438.<\/p>\n<p>[\/vc_column_text][\/vc_column][\/vc_row][vc_row][vc_column][\/vc_column][\/vc_row]<\/p>","protected":false},"excerpt":{"rendered":"<p>[vc_row][vc_column width=\u00bb1\/3&#8243;][vc_single_image image=\u00bb3742&#8243; alignment=\u00bbcenter\u00bb][vc_column_text] Profesor Rafael Barraquer Presidente del centro oftalmol\u00f3gico Barraquer. [\/vc_column_text][\/vc_column][vc_column width=\u00bb1\/3&#8243;][vc_single_image image=\u00bb3743&#8243; alignment=\u00bbcenter\u00bb][vc_column_text] Dra. Elena Barraquer Especialista en cirug\u00eda de la catarata y cirug\u00eda refractiva intraocular [\/vc_column_text][\/vc_column][vc_column width=\u00bb1\/3&#8243;][vc_single_image image=\u00bb3345&#8243; alignment=\u00bbcenter\u00bb][vc_column_text] Dr. Juan P. Alvarez de Toledo Elizalde \u0421\u043f\u0435\u0446\u0438\u0430\u043b\u0438\u0441\u0442 \u043f\u043e \u0445\u0438\u0440\u0443\u0440\u0433\u0438\u0438 \u043f\u0435\u0440\u0435\u0434\u043d\u0435\u0433\u043e \u0441\u0435\u0433\u043c\u0435\u043d\u0442\u0430 \u0433\u043b\u0430\u0437\u0430, \u0440\u0435\u0444\u0440\u0430\u043a\u0446\u0438\u043e\u043d\u043d\u043e\u0439 \u0445\u0438\u0440\u0443\u0440\u0433\u0438\u0438, \u043a\u0435\u0440\u0430\u0442\u043e\u043a\u043e\u043d\u0443\u0441\u0443. [\/vc_column_text][\/vc_column][\/vc_row][vc_row][vc_column width=\u00bb1\/3&#8243;][vc_single_image image=\u00bb4760&#8243; alignment=\u00bbcenter\u00bb][vc_column_text] Dr. Jeroni Nadal \u0421\u043f\u0435\u0446\u0438\u0430\u043b\u0438\u0441\u0442 \u043f\u043e \u0425\u0438\u0440\u0443\u0440\u0433\u0438\u0438 \u0441\u0435\u0442\u0447\u0430\u0442\u043a\u0438&hellip;<\/p>\n","protected":false},"author":26,"featured_media":3280,"parent":0,"menu_order":0,"comment_status":"closed","ping_status":"closed","template":"","meta":{"footnotes":""},"class_list":["post-3272","page","type-page","status-publish","has-post-thumbnail","hentry"],"aioseo_notices":[],"_links":{"self":[{"href":"https:\/\/valeniahs.com\/es\/wp-json\/wp\/v2\/pages\/3272","targetHints":{"allow":["GET"]}}],"collection":[{"href":"https:\/\/valeniahs.com\/es\/wp-json\/wp\/v2\/pages"}],"about":[{"href":"https:\/\/valeniahs.com\/es\/wp-json\/wp\/v2\/types\/page"}],"author":[{"embeddable":true,"href":"https:\/\/valeniahs.com\/es\/wp-json\/wp\/v2\/users\/26"}],"replies":[{"embeddable":true,"href":"https:\/\/valeniahs.com\/es\/wp-json\/wp\/v2\/comments?post=3272"}],"version-history":[{"count":31,"href":"https:\/\/valeniahs.com\/es\/wp-json\/wp\/v2\/pages\/3272\/revisions"}],"predecessor-version":[{"id":12158,"href":"https:\/\/valeniahs.com\/es\/wp-json\/wp\/v2\/pages\/3272\/revisions\/12158"}],"wp:featuredmedia":[{"embeddable":true,"href":"https:\/\/valeniahs.com\/es\/wp-json\/wp\/v2\/media\/3280"}],"wp:attachment":[{"href":"https:\/\/valeniahs.com\/es\/wp-json\/wp\/v2\/media?parent=3272"}],"curies":[{"name":"wp","href":"https:\/\/api.w.org\/{rel}","templated":true}]}}